{"id":408,"date":"2016-03-10T22:01:09","date_gmt":"2016-03-10T21:01:09","guid":{"rendered":"http:\/\/freshquality.pl\/?page_id=408"},"modified":"2017-09-18T12:51:42","modified_gmt":"2017-09-18T10:51:42","slug":"ii-zjazd-swiecice-2-4-03-2016","status":"publish","type":"page","link":"https:\/\/freshquality.pl\/?page_id=408","title":{"rendered":"II ZJAZD  2-4.03.2016 \u015aWI\u0118CICE"},"content":{"rendered":"<p><strong>Uprzejmie zapraszamy na Drugi Zjazd FRESH QUALITY ACADEMY w dniach 2 &#8211; 4 marca 2016<\/strong><\/p>\n<p><strong>Miejsce szkolenia: Hotel \u015awi\u0119cice, poczta P\u0142ochocin, gmina O\u017car\u00f3w Maz., mazowieckie<\/strong><\/p>\n<p><strong>Prezentujemy tematy i wyk\u0142adowc\u00f3w na drugim zje\u017adzie:<\/strong><\/p>\n<p>&#8211; &#8222;Jako\u015b\u0107 ziemniak\u00f3w jadalnych&#8221; (wymagania jako\u015bciowe, oraz\u00a0wyst\u0119puj\u0105ce wady bulw) \u2013 wyk\u0142adowca dr Wojciech Nowacki IHAR w Jadwisinie<\/p>\n<p>&#8211; Choroby owoc\u00f3w pomidora w okresie po zbiorczym i w obrocie handlowym \u2013 wyk\u0142adowca prof. dr hab. J\u00f3zef Robak Zak\u0142ad Ochrony Ro\u015blin Warzywnych i Ozdobnych\u00a0 Instytut Ogrodnictwa w Skierniewicach<\/p>\n<p>&#8211; \u201eOwoce egzotyczne . Interpretacja wad, odmiany, dost\u0119pno\u015b\u0107, przechowywanie (na wybranej grupie asortymentu, m.inn. ananas, papaja, passion fruit, mini kiwi)\u201d \u2013 wyk\u0142adowca Beata Piega z firmy UNIVEG TRADE POLAND<\/p>\n<p>&#8211; Choroby przechowalnicze jab\u0142ek ( wyk\u0142ad plus warsztaty)\u00a0 \u2013 wyk\u0142adowca Adam Paradowski i Marcin Piesiewicz\u00a0z firmy AgroFresh<\/p>\n<p>&#8211; Problemy jako\u015bciowe i sezonowo\u015b\u0107 owoc\u00f3w cytrusowych \u2013 wyk\u0142adowca Miros\u0142aw Maziarka z firmy Amplus<\/p>\n<p>&#8211; Standard kontroli jako\u015bci \u015bwie\u017cych owoc\u00f3w i warzyw: zasady, o czym nie mo\u017cna zapomnie\u0107, na co zwr\u00f3ci\u0107 uwag\u0119 podczas kontroli, b\u0142\u0119dy kontroler\u00f3w jako\u015bci \u2013 wyk\u0142adowca Krystyna Szyma\u0144ska z firmy FRESH QUALITY.<\/p>\n<p><strong>Reportarz<\/strong><\/p>\n<p><strong>W dniach 02.03.-04.03.2016 odby\u0142 si\u0119 drugi zjazd FRESH QUALITY ACADEMY w miejscowo\u015bci \u015awi\u0119cice. Celem spotkania by\u0142o podniesienie profesjonalizmu kontroler\u00f3w jako\u015bci handlowych \u015bwie\u017cych owoc\u00f3w i warzyw z sieci handlowych, firm handlowych, grup producenckich. Uczestnikami zjazdu byli pracownicy z firm: Stokrotka, Eurocash, Agrokordi, Auchan, Genesis Fresh, Bimaro, Fructofresh Group, Targban, Univeg Trade, LDB Fruit, Consofrut Polska, LIWRO.<\/strong><\/p>\n<p>Wyk\u0142adowcy om\u00f3wili najcz\u0119\u015bciej wyst\u0119puj\u0105ce choroby jab\u0142ek pochodzenia infekcyjnego i fizjologicznego. Pokazano co jest niebezpieczne i mo\u017ce si\u0119 rozwija\u0107 w trakcie magazynowania i transportu na zdj\u0119ciach i w trakcie warsztat\u00f3w. Uczestnicy mieli mo\u017cliwo\u015b\u0107 zadawania pyta\u0144.<\/p>\n<p>Przygotowano pr\u00f3bki i wszyscy mieli mo\u017cliwo\u015b\u0107 zobaczenia r\u00f3\u017cnic mi\u0119dzy odmianami owoc\u00f3w cytrusowych, jak r\u00f3wnie\u017c wad na cytrusach i owocach egzotycznych.<br \/>\nNale\u017cy podkre\u015bli\u0107, \u017ce wyk\u0142adowcami s\u0105 specjali\u015bci praktycy z du\u017cym do\u015bwiadczeniem w tej bran\u017cy.<br \/>\nNieformalne spotkanie mi\u0119dzy pracownikami r\u00f3\u017cnych firm, pozwoli\u0142y wymieni\u0107 pogl\u0105dy, swoje do\u015bwiadczenia, a najwa\u017cniejsze zaowocuj\u0105 lepsz\u0105 wsp\u00f3\u0142prac\u0105.<br \/>\nPrzed kolacj\u0105 wyst\u0105pi\u0142o dw\u00f3ch cz\u0142onk\u00f3w zespo\u0142u Pipes &amp; Drums z Cz\u0119stochowy. Zagrano tradycyjn\u0105 muzyk\u0119 szkock\u0105 na dudach.<\/p>\n<p><img loading=\"lazy\" decoding=\"async\" class=\"aligncenter size-large wp-image-409\" src=\"https:\/\/freshquality.pl\/wp-content\/uploads\/2017\/09\/IMG_8795-1024x683.jpg\" alt=\"\" width=\"720\" height=\"480\" srcset=\"https:\/\/freshquality.pl\/wp-content\/uploads\/2017\/09\/IMG_8795.jpg 1024w, https:\/\/freshquality.pl\/wp-content\/uploads\/2017\/09\/IMG_8795-300x200.jpg 300w, https:\/\/freshquality.pl\/wp-content\/uploads\/2017\/09\/IMG_8795-768x512.jpg 768w\" sizes=\"auto, (max-width: 720px) 100vw, 720px\" \/><img loading=\"lazy\" decoding=\"async\" class=\"aligncenter size-large wp-image-410\" src=\"https:\/\/freshquality.pl\/wp-content\/uploads\/2017\/09\/IMG_8560-1024x683.jpg\" alt=\"\" width=\"720\" height=\"480\" srcset=\"https:\/\/freshquality.pl\/wp-content\/uploads\/2017\/09\/IMG_8560.jpg 1024w, https:\/\/freshquality.pl\/wp-content\/uploads\/2017\/09\/IMG_8560-300x200.jpg 300w, https:\/\/freshquality.pl\/wp-content\/uploads\/2017\/09\/IMG_8560-768x512.jpg 768w\" sizes=\"auto, (max-width: 720px) 100vw, 720px\" \/><img loading=\"lazy\" decoding=\"async\" class=\"aligncenter size-large wp-image-411\" src=\"https:\/\/freshquality.pl\/wp-content\/uploads\/2017\/09\/IMG_8562-1024x683.jpg\" alt=\"\" width=\"720\" height=\"480\" srcset=\"https:\/\/freshquality.pl\/wp-content\/uploads\/2017\/09\/IMG_8562.jpg 1024w, https:\/\/freshquality.pl\/wp-content\/uploads\/2017\/09\/IMG_8562-300x200.jpg 300w, https:\/\/freshquality.pl\/wp-content\/uploads\/2017\/09\/IMG_8562-768x512.jpg 768w\" sizes=\"auto, (max-width: 720px) 100vw, 720px\" \/><img loading=\"lazy\" decoding=\"async\" class=\"aligncenter size-large wp-image-412\" src=\"https:\/\/freshquality.pl\/wp-content\/uploads\/2017\/09\/IMG_8583-1024x683.jpg\" alt=\"\" width=\"720\" height=\"480\" srcset=\"https:\/\/freshquality.pl\/wp-content\/uploads\/2017\/09\/IMG_8583.jpg 1024w, https:\/\/freshquality.pl\/wp-content\/uploads\/2017\/09\/IMG_8583-300x200.jpg 300w, https:\/\/freshquality.pl\/wp-content\/uploads\/2017\/09\/IMG_8583-768x512.jpg 768w\" sizes=\"auto, (max-width: 720px) 100vw, 720px\" \/><img loading=\"lazy\" decoding=\"async\" class=\"aligncenter size-large wp-image-413\" src=\"https:\/\/freshquality.pl\/wp-content\/uploads\/2017\/09\/IMG_8598-1024x683.jpg\" alt=\"\" width=\"720\" height=\"480\" srcset=\"https:\/\/freshquality.pl\/wp-content\/uploads\/2017\/09\/IMG_8598.jpg 1024w, https:\/\/freshquality.pl\/wp-content\/uploads\/2017\/09\/IMG_8598-300x200.jpg 300w, https:\/\/freshquality.pl\/wp-content\/uploads\/2017\/09\/IMG_8598-768x512.jpg 768w\" sizes=\"auto, (max-width: 720px) 100vw, 720px\" \/><img loading=\"lazy\" decoding=\"async\" class=\"aligncenter size-large wp-image-414\" src=\"https:\/\/freshquality.pl\/wp-content\/uploads\/2017\/09\/IMG_8616-1024x683.jpg\" alt=\"\" width=\"720\" height=\"480\" srcset=\"https:\/\/freshquality.pl\/wp-content\/uploads\/2017\/09\/IMG_8616.jpg 1024w, https:\/\/freshquality.pl\/wp-content\/uploads\/2017\/09\/IMG_8616-300x200.jpg 300w, https:\/\/freshquality.pl\/wp-content\/uploads\/2017\/09\/IMG_8616-768x512.jpg 768w\" sizes=\"auto, (max-width: 720px) 100vw, 720px\" \/><img loading=\"lazy\" decoding=\"async\" class=\"aligncenter size-large wp-image-415\" src=\"https:\/\/freshquality.pl\/wp-content\/uploads\/2017\/09\/IMG_8640-1024x683.jpg\" alt=\"\" width=\"720\" height=\"480\" srcset=\"https:\/\/freshquality.pl\/wp-content\/uploads\/2017\/09\/IMG_8640.jpg 1024w, https:\/\/freshquality.pl\/wp-content\/uploads\/2017\/09\/IMG_8640-300x200.jpg 300w, https:\/\/freshquality.pl\/wp-content\/uploads\/2017\/09\/IMG_8640-768x512.jpg 768w\" sizes=\"auto, (max-width: 720px) 100vw, 720px\" \/><img loading=\"lazy\" decoding=\"async\" class=\"aligncenter size-large wp-image-416\" src=\"https:\/\/freshquality.pl\/wp-content\/uploads\/2017\/09\/IMG_8709-1024x683.jpg\" alt=\"\" width=\"720\" height=\"480\" srcset=\"https:\/\/freshquality.pl\/wp-content\/uploads\/2017\/09\/IMG_8709.jpg 1024w, https:\/\/freshquality.pl\/wp-content\/uploads\/2017\/09\/IMG_8709-300x200.jpg 300w, https:\/\/freshquality.pl\/wp-content\/uploads\/2017\/09\/IMG_8709-768x512.jpg 768w\" sizes=\"auto, (max-width: 720px) 100vw, 720px\" \/><img loading=\"lazy\" decoding=\"async\" class=\"aligncenter size-large wp-image-417\" src=\"https:\/\/freshquality.pl\/wp-content\/uploads\/2017\/09\/IMG_8723-1024x683.jpg\" alt=\"\" width=\"720\" height=\"480\" srcset=\"https:\/\/freshquality.pl\/wp-content\/uploads\/2017\/09\/IMG_8723.jpg 1024w, https:\/\/freshquality.pl\/wp-content\/uploads\/2017\/09\/IMG_8723-300x200.jpg 300w, https:\/\/freshquality.pl\/wp-content\/uploads\/2017\/09\/IMG_8723-768x512.jpg 768w\" sizes=\"auto, (max-width: 720px) 100vw, 720px\" \/> <img loading=\"lazy\" decoding=\"async\" class=\"aligncenter size-large wp-image-419\" src=\"https:\/\/freshquality.pl\/wp-content\/uploads\/2017\/09\/IMG_8768-1024x683.jpg\" alt=\"\" width=\"720\" height=\"480\" srcset=\"https:\/\/freshquality.pl\/wp-content\/uploads\/2017\/09\/IMG_8768.jpg 1024w, https:\/\/freshquality.pl\/wp-content\/uploads\/2017\/09\/IMG_8768-300x200.jpg 300w, https:\/\/freshquality.pl\/wp-content\/uploads\/2017\/09\/IMG_8768-768x512.jpg 768w\" sizes=\"auto, (max-width: 720px) 100vw, 720px\" \/><img loading=\"lazy\" decoding=\"async\" class=\"aligncenter size-large wp-image-420\" src=\"https:\/\/freshquality.pl\/wp-content\/uploads\/2017\/09\/IMG_8678-1024x683.jpg\" alt=\"\" width=\"720\" height=\"480\" srcset=\"https:\/\/freshquality.pl\/wp-content\/uploads\/2017\/09\/IMG_8678.jpg 1024w, https:\/\/freshquality.pl\/wp-content\/uploads\/2017\/09\/IMG_8678-300x200.jpg 300w, https:\/\/freshquality.pl\/wp-content\/uploads\/2017\/09\/IMG_8678-768x512.jpg 768w\" sizes=\"auto, (max-width: 720px) 100vw, 720px\" \/><\/p>\n<p>&nbsp;<\/p>\n<p>&nbsp;<\/p>\n","protected":false},"excerpt":{"rendered":"<p>Uprzejmie zapraszamy na Drugi Zjazd FRESH QUALITY ACADEMY w dniach 2 &#8211; 4 marca 2016 Miejsce szkolenia: Hotel \u015awi\u0119cice, poczta P\u0142ochocin, gmina O\u017car\u00f3w Maz., mazowieckie Prezentujemy tematy i wyk\u0142adowc\u00f3w na drugim zje\u017adzie: &#8211; &#8222;Jako\u015b\u0107 ziemniak\u00f3w jadalnych&#8221; (wymagania jako\u015bciowe, oraz\u00a0wyst\u0119puj\u0105ce wady bulw) \u2013 wyk\u0142adowca dr Wojciech Nowacki IHAR w Jadwisinie &#8211; Choroby owoc\u00f3w pomidora w okresie [&hellip;]<\/p>\n","protected":false},"author":1,"featured_media":0,"parent":147,"menu_order":0,"comment_status":"closed","ping_status":"closed","template":"","meta":{"footnotes":""},"class_list":["post-408","page","type-page","status-publish","hentry"],"_links":{"self":[{"href":"https:\/\/freshquality.pl\/index.php?rest_route=\/wp\/v2\/pages\/408","targetHints":{"allow":["GET"]}}],"collection":[{"href":"https:\/\/freshquality.pl\/index.php?rest_route=\/wp\/v2\/pages"}],"about":[{"href":"https:\/\/freshquality.pl\/index.php?rest_route=\/wp\/v2\/types\/page"}],"author":[{"embeddable":true,"href":"https:\/\/freshquality.pl\/index.php?rest_route=\/wp\/v2\/users\/1"}],"replies":[{"embeddable":true,"href":"https:\/\/freshquality.pl\/index.php?rest_route=%2Fwp%2Fv2%2Fcomments&post=408"}],"version-history":[{"count":2,"href":"https:\/\/freshquality.pl\/index.php?rest_route=\/wp\/v2\/pages\/408\/revisions"}],"predecessor-version":[{"id":426,"href":"https:\/\/freshquality.pl\/index.php?rest_route=\/wp\/v2\/pages\/408\/revisions\/426"}],"up":[{"embeddable":true,"href":"https:\/\/freshquality.pl\/index.php?rest_route=\/wp\/v2\/pages\/147"}],"wp:attachment":[{"href":"https:\/\/freshquality.pl\/index.php?rest_route=%2Fwp%2Fv2%2Fmedia&parent=408"}],"curies":[{"name":"wp","href":"https:\/\/api.w.org\/{rel}","templated":true}]}}