{"id":396,"date":"2016-10-17T21:47:56","date_gmt":"2016-10-17T19:47:56","guid":{"rendered":"http:\/\/freshquality.pl\/?page_id=396"},"modified":"2017-09-17T21:56:58","modified_gmt":"2017-09-17T19:56:58","slug":"iii-zjazd-12-14-10-2016-ocypel","status":"publish","type":"page","link":"https:\/\/freshquality.pl\/?page_id=396","title":{"rendered":"III ZJAZD 12-14.10.2016 Ocypel"},"content":{"rendered":"<p style=\"text-align: left;\" align=\"center\"><strong>Uprzejmie zapraszamy na TRZECI ZJAZD FRESH QUALITY ACADEMY<\/strong><\/p>\n<p style=\"text-align: left;\" align=\"center\"><strong>w dniach 12 \u2013 14.10.2016<\/strong><\/p>\n<p><strong>Temat: \u201eSzkolenie specjalistyczne rozszerzaj\u0105ce wiedz\u0119 o jako\u015bci handlowej \u015bwie\u017cych owoc\u00f3w i warzyw\u201d <\/strong><\/p>\n<p><strong>Cel szkolenia: podniesienie profesjonalizmu kontroler\u00f3w jako\u015bci handlowej \u015bwie\u017cych owoc\u00f3w i warzyw z sieci handlowych, z firm handlowych, grup producent\u00f3w, oraz os\u00f3b zamawiaj\u0105cych towar<\/strong><\/p>\n<p><strong>Organizator: Firma FRESH QUALITY Krystyna Szyma\u0144ska<\/strong><\/p>\n<p><strong>Tel. 667 909\u00a0999, e-mail: <a href=\"mailto:krystyna.szymanska@freshquality.pl\">krystyna.szymanska@freshquality.pl<\/a><\/strong><\/p>\n<p><strong>Termin : 12 \u2013 14.10.2016<\/strong><\/p>\n<p><strong>Czas trwania: 3 dni<\/strong><\/p>\n<p><strong>Miejsce : Szkolenie w Sali konferencyjnej, a zakwaterowanie w Apartamentach 2 \u2013 4 osobowych w O\u015brodku Wypoczynkowym Mleczarz, ul. Szkolna 16, 83-241 Ocypel<\/strong><\/p>\n<p><strong>Gmina Lubichowo, powiat starogardzki, wojew\u00f3dztwo pomorskie<\/strong><\/p>\n<p><strong>Link do strony: <a href=\"http:\/\/web.archive.org\/web\/20161021194914\/http:\/\/www.mleczarz-ocypel.pl\/\">http:\/\/www.mleczarz-ocypel.pl<\/a><\/strong><\/p>\n<p><strong>Tematy wyk\u0142ad\u00f3w<\/strong>:<\/p>\n<p>1. Jako\u015b\u0107 warzyw korzeniowych (marchew, seler, pietruszka, por) \u2013 wyk\u0142adowca Micha\u0142 Gulczy\u0144ski GPOiW POLFARM<\/p>\n<p>2. Jako\u015b\u0107 warzyw spod os\u0142on \u2013 wyk\u0142adowca dr Agnieszka St\u0119powska z Instytutu Warzywnictwa w Skierniewicach<\/p>\n<p>3. Jako\u015b\u0107 handlowa winogron, granat\u00f3w i fig. Interpretacja wad i przyczyny ich powstawania, cechy naturalne, odmiany, dost\u0119pno\u015b\u0107, przechowywanie \u00a0\u2013 wyk\u0142adowca Beata Piega z firmy UNIVEG TRADE POLAND<\/p>\n<p>4. Jesie\u0144 &#8211; rozpocz\u0119cie\u00a0sezonu jab\u0142kowego, pocz\u0105tek handlu, odmiany dost\u0119pne w sprzeda\u017cy i ich jako\u015b\u0107 handlowa \u2013 wyk\u0142adowca Katarzyna Zygmuntowska, absolwentka Wydzia\u0142u Ogrodnictwa i\u00a0Architektury Krajobrazu SGGW w\u00a0Warszawie, pracuje dla portalu fresh-market.pl<\/p>\n<p>5. Warsztaty z oceny jako\u015bci pr\u00f3bek \u015bwie\u017cych owoc\u00f3w i warzyw \u2013 prowadz\u0105ca Krystyna Szyma\u0144ska Fresh Quality<\/p>\n<p><strong>III Zjazd by\u0142 udany<\/strong><\/p>\n<p><strong>Uczestnikami spotkania byli pracownicy sieci: MILA, Auchan, Stokrotka, Topaz i jeszcze jednej sieci, oraz firm: POLFARM, Amplus, Crawford, Liwro, Pazal, UNIVEG TRADE, Go\u017alin &#8211; Sad, Wojciech Sa\u0142o i 3 innych firm. Byli to pracownicy dzia\u0142u kontroli jako\u015bci, pracuj\u0105cy na platformach logistycznych, osoby zamawiaj\u0105ce towar, handlowcy.<\/strong><\/p>\n<p><strong>Opr\u00f3cz ciekawych wyk\u0142ad\u00f3w, du\u017cym zainteresowaniem cieszy\u0142a si\u0119 cz\u0119\u015b\u0107 praktyczna, gdzie dyskutowano nad konkretnymi pr\u00f3bkami winogron, granat\u00f3w, fig. Oceniano r\u00f3wnie\u017c jako\u015b\u0107 przygotowanych pr\u00f3b pomidor\u00f3w i innych produkt\u00f3w. Dyskutowano nad zmianami przepis\u00f3w. Ciekawym do\u015bwiadczeniem dla wszystkich by\u0142o rozpoznawanie odmian jab\u0142ek omawianych podczas wyk\u0142adu w pi\u0105tek.<\/strong><\/p>\n<p><strong>Wieczorem, mogli\u015bmy smakowa\u0107 dania z dziczyzny i kontynuowa\u0107 dyskusj\u0119.<\/strong><\/p>\n<p><img loading=\"lazy\" decoding=\"async\" class=\"aligncenter size-full wp-image-397\" src=\"https:\/\/freshquality.pl\/wp-content\/uploads\/2017\/09\/IMG_3498.jpg\" alt=\"\" width=\"448\" height=\"158\" srcset=\"https:\/\/freshquality.pl\/wp-content\/uploads\/2017\/09\/IMG_3498.jpg 448w, https:\/\/freshquality.pl\/wp-content\/uploads\/2017\/09\/IMG_3498-300x106.jpg 300w\" sizes=\"auto, (max-width: 448px) 100vw, 448px\" \/><img loading=\"lazy\" decoding=\"async\" class=\"aligncenter size-full wp-image-398\" src=\"https:\/\/freshquality.pl\/wp-content\/uploads\/2017\/09\/IMG_3393.jpg\" alt=\"\" width=\"448\" height=\"299\" srcset=\"https:\/\/freshquality.pl\/wp-content\/uploads\/2017\/09\/IMG_3393.jpg 448w, https:\/\/freshquality.pl\/wp-content\/uploads\/2017\/09\/IMG_3393-300x200.jpg 300w\" sizes=\"auto, (max-width: 448px) 100vw, 448px\" \/><img loading=\"lazy\" decoding=\"async\" class=\"aligncenter size-full wp-image-399\" src=\"https:\/\/freshquality.pl\/wp-content\/uploads\/2017\/09\/IMG_3405.jpg\" alt=\"\" width=\"448\" height=\"299\" srcset=\"https:\/\/freshquality.pl\/wp-content\/uploads\/2017\/09\/IMG_3405.jpg 448w, https:\/\/freshquality.pl\/wp-content\/uploads\/2017\/09\/IMG_3405-300x200.jpg 300w\" sizes=\"auto, (max-width: 448px) 100vw, 448px\" \/><img loading=\"lazy\" decoding=\"async\" class=\"aligncenter size-full wp-image-400\" src=\"https:\/\/freshquality.pl\/wp-content\/uploads\/2017\/09\/IMG_3408.jpg\" alt=\"\" width=\"448\" height=\"299\" srcset=\"https:\/\/freshquality.pl\/wp-content\/uploads\/2017\/09\/IMG_3408.jpg 448w, https:\/\/freshquality.pl\/wp-content\/uploads\/2017\/09\/IMG_3408-300x200.jpg 300w\" sizes=\"auto, (max-width: 448px) 100vw, 448px\" \/><img loading=\"lazy\" decoding=\"async\" class=\"aligncenter size-full wp-image-401\" src=\"https:\/\/freshquality.pl\/wp-content\/uploads\/2017\/09\/IMG_3415.jpg\" alt=\"\" width=\"448\" height=\"299\" srcset=\"https:\/\/freshquality.pl\/wp-content\/uploads\/2017\/09\/IMG_3415.jpg 448w, https:\/\/freshquality.pl\/wp-content\/uploads\/2017\/09\/IMG_3415-300x200.jpg 300w\" sizes=\"auto, (max-width: 448px) 100vw, 448px\" \/><img loading=\"lazy\" decoding=\"async\" class=\"aligncenter size-full wp-image-402\" src=\"https:\/\/freshquality.pl\/wp-content\/uploads\/2017\/09\/IMG_3416.jpg\" alt=\"\" width=\"448\" height=\"299\" srcset=\"https:\/\/freshquality.pl\/wp-content\/uploads\/2017\/09\/IMG_3416.jpg 448w, https:\/\/freshquality.pl\/wp-content\/uploads\/2017\/09\/IMG_3416-300x200.jpg 300w\" sizes=\"auto, (max-width: 448px) 100vw, 448px\" \/><img loading=\"lazy\" decoding=\"async\" class=\"aligncenter size-full wp-image-403\" src=\"https:\/\/freshquality.pl\/wp-content\/uploads\/2017\/09\/IMG_3468.jpg\" alt=\"\" width=\"403\" height=\"299\" srcset=\"https:\/\/freshquality.pl\/wp-content\/uploads\/2017\/09\/IMG_3468.jpg 403w, https:\/\/freshquality.pl\/wp-content\/uploads\/2017\/09\/IMG_3468-300x223.jpg 300w\" sizes=\"auto, (max-width: 403px) 100vw, 403px\" \/><img loading=\"lazy\" decoding=\"async\" class=\"aligncenter size-full wp-image-404\" src=\"https:\/\/freshquality.pl\/wp-content\/uploads\/2017\/09\/IMG_3496.jpg\" alt=\"\" width=\"448\" height=\"299\" srcset=\"https:\/\/freshquality.pl\/wp-content\/uploads\/2017\/09\/IMG_3496.jpg 448w, https:\/\/freshquality.pl\/wp-content\/uploads\/2017\/09\/IMG_3496-300x200.jpg 300w\" sizes=\"auto, (max-width: 448px) 100vw, 448px\" \/><img loading=\"lazy\" decoding=\"async\" class=\"aligncenter size-full wp-image-405\" src=\"https:\/\/freshquality.pl\/wp-content\/uploads\/2017\/09\/IMG_3513.jpg\" alt=\"\" width=\"448\" height=\"299\" srcset=\"https:\/\/freshquality.pl\/wp-content\/uploads\/2017\/09\/IMG_3513.jpg 448w, https:\/\/freshquality.pl\/wp-content\/uploads\/2017\/09\/IMG_3513-300x200.jpg 300w\" sizes=\"auto, (max-width: 448px) 100vw, 448px\" \/><\/p>\n","protected":false},"excerpt":{"rendered":"<p>Uprzejmie zapraszamy na TRZECI ZJAZD FRESH QUALITY ACADEMY w dniach 12 \u2013 14.10.2016 Temat: \u201eSzkolenie specjalistyczne rozszerzaj\u0105ce wiedz\u0119 o jako\u015bci handlowej \u015bwie\u017cych owoc\u00f3w i warzyw\u201d Cel szkolenia: podniesienie profesjonalizmu kontroler\u00f3w jako\u015bci handlowej \u015bwie\u017cych owoc\u00f3w i warzyw z sieci handlowych, z firm handlowych, grup producent\u00f3w, oraz os\u00f3b zamawiaj\u0105cych towar Organizator: Firma FRESH QUALITY Krystyna Szyma\u0144ska Tel. [&hellip;]<\/p>\n","protected":false},"author":1,"featured_media":0,"parent":147,"menu_order":0,"comment_status":"closed","ping_status":"closed","template":"","meta":{"footnotes":""},"class_list":["post-396","page","type-page","status-publish","hentry"],"_links":{"self":[{"href":"https:\/\/freshquality.pl\/index.php?rest_route=\/wp\/v2\/pages\/396","targetHints":{"allow":["GET"]}}],"collection":[{"href":"https:\/\/freshquality.pl\/index.php?rest_route=\/wp\/v2\/pages"}],"about":[{"href":"https:\/\/freshquality.pl\/index.php?rest_route=\/wp\/v2\/types\/page"}],"author":[{"embeddable":true,"href":"https:\/\/freshquality.pl\/index.php?rest_route=\/wp\/v2\/users\/1"}],"replies":[{"embeddable":true,"href":"https:\/\/freshquality.pl\/index.php?rest_route=%2Fwp%2Fv2%2Fcomments&post=396"}],"version-history":[{"count":1,"href":"https:\/\/freshquality.pl\/index.php?rest_route=\/wp\/v2\/pages\/396\/revisions"}],"predecessor-version":[{"id":406,"href":"https:\/\/freshquality.pl\/index.php?rest_route=\/wp\/v2\/pages\/396\/revisions\/406"}],"up":[{"embeddable":true,"href":"https:\/\/freshquality.pl\/index.php?rest_route=\/wp\/v2\/pages\/147"}],"wp:attachment":[{"href":"https:\/\/freshquality.pl\/index.php?rest_route=%2Fwp%2Fv2%2Fmedia&parent=396"}],"curies":[{"name":"wp","href":"https:\/\/api.w.org\/{rel}","templated":true}]}}