{"id":147,"date":"2017-04-06T21:01:56","date_gmt":"2017-04-06T19:01:56","guid":{"rendered":"http:\/\/freshquality.pl\/?page_id=147"},"modified":"2017-04-06T21:19:43","modified_gmt":"2017-04-06T19:19:43","slug":"fresh-quality-academy","status":"publish","type":"page","link":"https:\/\/freshquality.pl\/?page_id=147","title":{"rendered":"Fresh Quality Academy"},"content":{"rendered":"<p><center><img loading=\"lazy\" decoding=\"async\" src=\"https:\/\/freshquality.pl\/wp-content\/uploads\/2017\/04\/FQA5-1.jpg\" alt=\"\" width=\"450\" height=\"137\" class=\"aligncenter size-full wp-image-148\" srcset=\"https:\/\/freshquality.pl\/wp-content\/uploads\/2017\/04\/FQA5-1.jpg 450w, https:\/\/freshquality.pl\/wp-content\/uploads\/2017\/04\/FQA5-1-300x91.jpg 300w\" sizes=\"auto, (max-width: 450px) 100vw, 450px\" \/><\/center><\/p>\n<p>Fresh Quality Academy to cykliczne spotkania os\u00f3b z bran\u017cy \u015bwie\u017cych owoc\u00f3w i warzyw. Zjazdy maj\u0105 na celu wymian\u0119 do\u015bwiadcze\u0144, a tak\u017ce udzia\u0142 w wyk\u0142adach specjalist\u00f3w.<\/p>\n<p><img loading=\"lazy\" decoding=\"async\" class=\"aligncenter size-large wp-image-160\" src=\"https:\/\/freshquality.pl\/wp-content\/uploads\/2017\/04\/IMG_3469-1024x683.jpg\" alt=\"\" width=\"720\" height=\"480\" srcset=\"https:\/\/freshquality.pl\/wp-content\/uploads\/2017\/04\/IMG_3469-1024x683.jpg 1024w, https:\/\/freshquality.pl\/wp-content\/uploads\/2017\/04\/IMG_3469-300x200.jpg 300w, https:\/\/freshquality.pl\/wp-content\/uploads\/2017\/04\/IMG_3469-768x512.jpg 768w\" sizes=\"auto, (max-width: 720px) 100vw, 720px\" \/><\/p>\n<p><img loading=\"lazy\" decoding=\"async\" class=\"aligncenter size-large wp-image-161\" src=\"https:\/\/freshquality.pl\/wp-content\/uploads\/2017\/04\/IMG_8597-1024x683.jpg\" alt=\"\" width=\"720\" height=\"480\" srcset=\"https:\/\/freshquality.pl\/wp-content\/uploads\/2017\/04\/IMG_8597-1024x683.jpg 1024w, https:\/\/freshquality.pl\/wp-content\/uploads\/2017\/04\/IMG_8597-300x200.jpg 300w, https:\/\/freshquality.pl\/wp-content\/uploads\/2017\/04\/IMG_8597-768x512.jpg 768w\" sizes=\"auto, (max-width: 720px) 100vw, 720px\" \/><\/p>\n<p><img loading=\"lazy\" decoding=\"async\" class=\"aligncenter size-large wp-image-162\" src=\"https:\/\/freshquality.pl\/wp-content\/uploads\/2017\/04\/IMG_7918-1024x683.jpg\" alt=\"\" width=\"720\" height=\"480\" srcset=\"https:\/\/freshquality.pl\/wp-content\/uploads\/2017\/04\/IMG_7918-1024x683.jpg 1024w, https:\/\/freshquality.pl\/wp-content\/uploads\/2017\/04\/IMG_7918-300x200.jpg 300w, https:\/\/freshquality.pl\/wp-content\/uploads\/2017\/04\/IMG_7918-768x512.jpg 768w\" sizes=\"auto, (max-width: 720px) 100vw, 720px\" \/><\/p>\n<p><img loading=\"lazy\" decoding=\"async\" class=\"aligncenter size-large wp-image-163\" src=\"https:\/\/freshquality.pl\/wp-content\/uploads\/2017\/04\/IMG_7891-1024x683.jpg\" alt=\"\" width=\"720\" height=\"480\" srcset=\"https:\/\/freshquality.pl\/wp-content\/uploads\/2017\/04\/IMG_7891-1024x683.jpg 1024w, https:\/\/freshquality.pl\/wp-content\/uploads\/2017\/04\/IMG_7891-300x200.jpg 300w, https:\/\/freshquality.pl\/wp-content\/uploads\/2017\/04\/IMG_7891-768x512.jpg 768w\" sizes=\"auto, (max-width: 720px) 100vw, 720px\" \/><\/p>\n","protected":false},"excerpt":{"rendered":"<p>Fresh Quality Academy to cykliczne spotkania os\u00f3b z bran\u017cy \u015bwie\u017cych owoc\u00f3w i warzyw. Zjazdy maj\u0105 na celu wymian\u0119 do\u015bwiadcze\u0144, a tak\u017ce udzia\u0142 w wyk\u0142adach specjalist\u00f3w.<\/p>\n","protected":false},"author":1,"featured_media":0,"parent":0,"menu_order":0,"comment_status":"closed","ping_status":"closed","template":"","meta":{"footnotes":""},"class_list":["post-147","page","type-page","status-publish","hentry"],"_links":{"self":[{"href":"https:\/\/freshquality.pl\/index.php?rest_route=\/wp\/v2\/pages\/147","targetHints":{"allow":["GET"]}}],"collection":[{"href":"https:\/\/freshquality.pl\/index.php?rest_route=\/wp\/v2\/pages"}],"about":[{"href":"https:\/\/freshquality.pl\/index.php?rest_route=\/wp\/v2\/types\/page"}],"author":[{"embeddable":true,"href":"https:\/\/freshquality.pl\/index.php?rest_route=\/wp\/v2\/users\/1"}],"replies":[{"embeddable":true,"href":"https:\/\/freshquality.pl\/index.php?rest_route=%2Fwp%2Fv2%2Fcomments&post=147"}],"version-history":[{"count":11,"href":"https:\/\/freshquality.pl\/index.php?rest_route=\/wp\/v2\/pages\/147\/revisions"}],"predecessor-version":[{"id":168,"href":"https:\/\/freshquality.pl\/index.php?rest_route=\/wp\/v2\/pages\/147\/revisions\/168"}],"wp:attachment":[{"href":"https:\/\/freshquality.pl\/index.php?rest_route=%2Fwp%2Fv2%2Fmedia&parent=147"}],"curies":[{"name":"wp","href":"https:\/\/api.w.org\/{rel}","templated":true}]}}